{"id":105,"date":"2018-11-24T23:36:09","date_gmt":"2018-11-24T23:36:09","guid":{"rendered":"https:\/\/sportscenterseguranca.com.br\/site\/?page_id=105"},"modified":"2018-11-24T23:36:09","modified_gmt":"2018-11-24T23:36:09","slug":"transportes-de-valores","status":"publish","type":"page","link":"https:\/\/sportscenterseguranca.com.br\/site\/transportes-de-valores\/","title":{"rendered":"Transportes de Valores"},"content":{"rendered":"<p>MAT\u00c9RIAS ABORDADAS NO CURSO:<br \/>\nLEGISLA\u00c7\u00c3O APLICADA (LA):<br \/>\nTRANSPORTE DE VALORES (TV):<br \/>\nRESOLU\u00c7\u00c3O DAS SITUA\u00c7\u00d5ES DE EMERG\u00caNCIA (RSE):<br \/>\nARMAMENTO E TIRO (AT)<br \/>\nPISTOLA CAL. .380<\/p>\n<p>ESCOPETA CAL. 12<\/p>\n<p>DOCUMENTOS (FOTOC\u00d3PIAS SIMPLES)<br \/>\nFotoc\u00f3pia da Carteira de Identidade (frente e verso);<br \/>\nFotoc\u00f3pia do CPF (frente e verso);<br \/>\nFotoc\u00f3pia do T\u00edtulo de Eleitor (frente e verso) e dos comprovantes de vota\u00e7\u00e3o de 2014 (ou retirar uma certid\u00e3o de quita\u00e7\u00e3o eleitoral no cart\u00f3rio eleitoral ou pelo site www.tse.gov.br)<br \/>\nFotoc\u00f3pia do Certificado de Dispensa de Incorpora\u00e7\u00e3o ou Certificado de Reservista com os 05 carimbos de apresenta\u00e7\u00e3o obrigat\u00f3rios em dia; (os carimbos s\u00e3o para quem serviu o exercito)<br \/>\nComprovante de Resid\u00eancia no nome do aluno, podendo ser conta de Luz, \u00c1gua, TV por assinatura ou Telefone fixo, no prazo m\u00e1ximo de tr\u00eas meses Obs. tem que constar CEP e NOME DA CIDADE. &#8211; (caso n\u00e3o possua apresentar uma Declara\u00e7\u00e3o do Titular do endere\u00e7o com o comprovante de resid\u00eancia anexado, dizendo que o aluno reside no local, dispensado declara\u00e7\u00e3o se o comprovante estiver no nome dos pais do aluno, caso esteja no nome do conjugue trazer certid\u00e3o de casamento).<br \/>\nFotoc\u00f3pia do Certificado de Forma\u00e7\u00e3o de Vigilante (frente e verso);<br \/>\nFotoc\u00f3pia do Certificado da \u00faltima Reciclagem &#8211; para quem a tem;<br \/>\nFotoc\u00f3pia da DRT (registro de profiss\u00f5es regulamentadas);<br \/>\nPara quem n\u00e3o tem DRT Original do Certificado de Forma\u00e7\u00e3o de Vigilante e carteira de trabalho original<br \/>\nDOCUMENTOS ORIGINAIS<\/p>\n<p>Exame Psicot\u00e9cnico (realizado na Escola);<br \/>\nExame M\u00e9dico<br \/>\nCertid\u00e3o Criminal da Justi\u00e7a Federal \u2013; WWW.jfpr.gov.br<br \/>\nCertid\u00e3o Criminal da Justi\u00e7a Militar<br \/>\nCertid\u00e3o Criminal da Justi\u00e7a Eleitoral &#8211; na Cidade de Vota\u00e7\u00e3o \u2013 Votando em Curitiba-PR tirar na R. Jo\u00e3o Parolin 224\u2013Parolin &#8211; (3330-8500) (hor\u00e1rio de funcionamento 12:00 \u00e1s 18:00), ou no Cart\u00f3rio Eleitoral da cidade onde vota; ou pelo site www.tse.gov.br<br \/>\nCertid\u00e3o Criminal da Justi\u00e7a Estadual do 1\u00ba e do 2\u00ba Of\u00edcio do Distribuidor &#8211; Rua C\u00e2ndido de Abreu 535 &#8211; Centro C\u00edvico \u2013 fone: 3252-5741. (hor\u00e1rio de funcionamento 12:00 \u00e1s 18:00)<br \/>\nATEN\u00c7\u00c3O A CERTID\u00c3O CRIMINAL DA JUSTI\u00c7A ESTADUAL DEVEM SER RETIRADAS OBRIGATORIAMENTE EM CURITIBA, NA CIDADE ONDE VOCE RESIDE E TAMBEM ONDE VOTA.<\/p>\n","protected":false},"excerpt":{"rendered":"<p>MAT\u00c9RIAS ABORDADAS NO CURSO: LEGISLA\u00c7\u00c3O APLICADA (LA): TRANSPORTE DE VALORES (TV): RESOLU\u00c7\u00c3O DAS SITUA\u00c7\u00d5ES DE EMERG\u00caNCIA (RSE): ARMAMENTO E TIRO (AT) PISTOLA CAL. .380 ESCOPETA CAL. 12 DOCUMENTOS (FOTOC\u00d3PIAS SIMPLES) Fotoc\u00f3pia da Carteira de Identidade (frente e verso); Fotoc\u00f3pia do CPF (frente e verso); Fotoc\u00f3pia do T\u00edtulo de Eleitor (frente e verso) e dos comprovantes [&hellip;]<\/p>\n","protected":false},"author":3,"featured_media":0,"parent":0,"menu_order":0,"comment_status":"closed","ping_status":"closed","template":"page-full-width.php","meta":[],"_links":{"self":[{"href":"https:\/\/sportscenterseguranca.com.br\/site\/wp-json\/wp\/v2\/pages\/105"}],"collection":[{"href":"https:\/\/sportscenterseguranca.com.br\/site\/wp-json\/wp\/v2\/pages"}],"about":[{"href":"https:\/\/sportscenterseguranca.com.br\/site\/wp-json\/wp\/v2\/types\/page"}],"author":[{"embeddable":true,"href":"https:\/\/sportscenterseguranca.com.br\/site\/wp-json\/wp\/v2\/users\/3"}],"replies":[{"embeddable":true,"href":"https:\/\/sportscenterseguranca.com.br\/site\/wp-json\/wp\/v2\/comments?post=105"}],"version-history":[{"count":1,"href":"https:\/\/sportscenterseguranca.com.br\/site\/wp-json\/wp\/v2\/pages\/105\/revisions"}],"predecessor-version":[{"id":106,"href":"https:\/\/sportscenterseguranca.com.br\/site\/wp-json\/wp\/v2\/pages\/105\/revisions\/106"}],"wp:attachment":[{"href":"https:\/\/sportscenterseguranca.com.br\/site\/wp-json\/wp\/v2\/media?parent=105"}],"curies":[{"name":"wp","href":"https:\/\/api.w.org\/{rel}","templated":true}]}}