{"id":128,"date":"2018-11-27T00:42:09","date_gmt":"2018-11-27T00:42:09","guid":{"rendered":"https:\/\/sportscenterseguranca.com.br\/site\/?page_id=128"},"modified":"2018-12-11T14:03:00","modified_gmt":"2018-12-11T14:03:00","slug":"calendario","status":"publish","type":"page","link":"https:\/\/sportscenterseguranca.com.br\/site\/calendario\/","title":{"rendered":"Calend\u00e1rio"},"content":{"rendered":"<p style=\"text-align: center;\"><strong>Fique por dentro dos nossos pr\u00f3ximos cursos atrav\u00e9s do nosso calend\u00e1rio.<\/strong><\/p>\n\n","protected":false},"excerpt":{"rendered":"<p>Fique por dentro dos nossos pr\u00f3ximos cursos atrav\u00e9s do nosso calend\u00e1rio.<\/p>\n","protected":false},"author":3,"featured_media":0,"parent":0,"menu_order":0,"comment_status":"closed","ping_status":"closed","template":"page-full-width.php","meta":[],"_links":{"self":[{"href":"https:\/\/sportscenterseguranca.com.br\/site\/wp-json\/wp\/v2\/pages\/128"}],"collection":[{"href":"https:\/\/sportscenterseguranca.com.br\/site\/wp-json\/wp\/v2\/pages"}],"about":[{"href":"https:\/\/sportscenterseguranca.com.br\/site\/wp-json\/wp\/v2\/types\/page"}],"author":[{"embeddable":true,"href":"https:\/\/sportscenterseguranca.com.br\/site\/wp-json\/wp\/v2\/users\/3"}],"replies":[{"embeddable":true,"href":"https:\/\/sportscenterseguranca.com.br\/site\/wp-json\/wp\/v2\/comments?post=128"}],"version-history":[{"count":4,"href":"https:\/\/sportscenterseguranca.com.br\/site\/wp-json\/wp\/v2\/pages\/128\/revisions"}],"predecessor-version":[{"id":170,"href":"https:\/\/sportscenterseguranca.com.br\/site\/wp-json\/wp\/v2\/pages\/128\/revisions\/170"}],"wp:attachment":[{"href":"https:\/\/sportscenterseguranca.com.br\/site\/wp-json\/wp\/v2\/media?parent=128"}],"curies":[{"name":"wp","href":"https:\/\/api.w.org\/{rel}","templated":true}]}}